{"id":47,"date":"2022-07-05T08:14:50","date_gmt":"2022-07-05T08:14:50","guid":{"rendered":"https:\/\/laughing-heisenberg.195-242-103-230.plesk.page\/?page_id=47"},"modified":"2022-07-05T08:26:04","modified_gmt":"2022-07-05T08:26:04","slug":"fensterreinigung-2","status":"publish","type":"page","link":"https:\/\/fensterreinigung-muenchen.de\/index.php\/fensterreinigung-2\/","title":{"rendered":"Fensterreinigung"},"content":{"rendered":"<p>[et_pb_section fb_built=&#8220;1&#8243; next_background_color=&#8220;#f9f9f9&#8243; admin_label=&#8220;Header&#8220; _builder_version=&#8220;4.14.9&#8243; background_color=&#8220;#8e8e8e&#8220; use_background_color_gradient=&#8220;on&#8220; background_color_gradient_start=&#8220;#091744&#8243; background_color_gradient_end=&#8220;#091744&#8243; background_image=&#8220;https:\/\/fensterreinigung-muenchen.de\/wp-content\/uploads\/2022\/07\/AdobeStock_221429493-1-scaled.jpg&#8220; parallax=&#8220;on&#8220; custom_padding=&#8220;8vw||24vw||false|false&#8220; bottom_divider_style=&#8220;ramp2&#8243; bottom_divider_height=&#8220;24vw&#8220; bottom_divider_flip=&#8220;horizontal&#8220; global_colors_info=&#8220;{}&#8220;][et_pb_row _builder_version=&#8220;3.25&#8243; global_colors_info=&#8220;{}&#8220;][et_pb_column type=&#8220;4_4&#8243; _builder_version=&#8220;3.25&#8243; custom_padding=&#8220;|||&#8220; global_colors_info=&#8220;{}&#8220; custom_padding__hover=&#8220;|||&#8220;][et_pb_image src=&#8220;https:\/\/fensterreinigung-muenchen.de\/wp-content\/uploads\/2022\/07\/4&#215;4-Fensterreinigung-Gashi-Logo.png&#8220; title_text=&#8220;4&#215;4-Fensterreinigung-Gashi-Logo&#8220; align=&#8220;center&#8220; align_tablet=&#8220;center&#8220; align_phone=&#8220;center&#8220; align_last_edited=&#8220;on|desktop&#8220; _builder_version=&#8220;4.14.9&#8243; width=&#8220;34%&#8220; animation_style=&#8220;slide&#8220; animation_duration=&#8220;3000ms&#8220; animation_starting_opacity=&#8220;100%&#8220; box_shadow_style=&#8220;preset2&#8243; global_colors_info=&#8220;{}&#8220;][\/et_pb_image][\/et_pb_column][\/et_pb_row][et_pb_row _builder_version=&#8220;4.14.9&#8243; _module_preset=&#8220;default&#8220; global_colors_info=&#8220;{}&#8220;][et_pb_column type=&#8220;4_4&#8243; _builder_version=&#8220;4.14.9&#8243; _module_preset=&#8220;default&#8220; global_colors_info=&#8220;{}&#8220;][et_pb_text _builder_version=&#8220;4.14.9&#8243; _module_preset=&#8220;default&#8220; text_font=&#8220;||||||||&#8220; text_font_size=&#8220;37px&#8220; text_orientation=&#8220;center&#8220; text_text_shadow_style=&#8220;preset1&#8243; global_colors_info=&#8220;{}&#8220;]<\/p>\n<p style=\"text-align: center;\"><span style=\"color: #ffffff;\">Professionelle Fensterreinigung in M\u00fcnchen<\/span><\/p>\n<p>[\/et_pb_text][\/et_pb_column][\/et_pb_row][\/et_pb_section][et_pb_section fb_built=&#8220;1&#8243; admin_label=&#8220;Video&#8220; _builder_version=&#8220;4.14.9&#8243; background_color=&#8220;#f9f9f9&#8243; background_enable_image=&#8220;off&#8220; custom_padding=&#8220;54px|0px|0|0px|false|false&#8220; global_colors_info=&#8220;{}&#8220;][et_pb_row _builder_version=&#8220;4.14.9&#8243; _module_preset=&#8220;default&#8220; custom_margin=&#8220;-110px|auto||auto||&#8220; global_colors_info=&#8220;{}&#8220;][et_pb_column type=&#8220;4_4&#8243; _builder_version=&#8220;4.14.9&#8243; _module_preset=&#8220;default&#8220; global_colors_info=&#8220;{}&#8220;][et_pb_text _builder_version=&#8220;4.14.9&#8243; _module_preset=&#8220;default&#8220; text_font_size=&#8220;17px&#8220; text_line_height=&#8220;1em&#8220; global_colors_info=&#8220;{}&#8220;]<\/p>\n<p style=\"text-align: right;\">Telefon: 089 &#8211; 171 084 93<\/p>\n<p style=\"text-align: right;\">Mobil: 0176 &#8211; 870 745 60<\/p>\n<p>[\/et_pb_text][et_pb_text _builder_version=&#8220;4.14.9&#8243; _module_preset=&#8220;default&#8220; text_font_size=&#8220;16px&#8220; header_font_size=&#8220;33px&#8220; custom_margin=&#8220;35px|||||&#8220; hover_enabled=&#8220;0&#8243; global_colors_info=&#8220;{}&#8220; sticky_enabled=&#8220;0&#8243;]<\/p>\n<h2 class=\"headline cc-m-header-inline-rte\" id=\"cc-m-header-13807755490\" data-action=\"header\" data-name=\"header\" contenteditable=\"true\" style=\"text-align: center;\"><span style=\"color: #339966;\"><strong>Professionelle Fensterreinigung in M\u00fcnchen und Umgebung<\/strong><\/span><\/h2>\n<p>[\/et_pb_text][\/et_pb_column][\/et_pb_row][et_pb_row _builder_version=&#8220;4.14.9&#8243; _module_preset=&#8220;default&#8220; global_colors_info=&#8220;{}&#8220;][et_pb_column type=&#8220;4_4&#8243; _builder_version=&#8220;4.14.9&#8243; _module_preset=&#8220;default&#8220; global_colors_info=&#8220;{}&#8220;][et_pb_text _builder_version=&#8220;4.14.9&#8243; _module_preset=&#8220;default&#8220; text_font_size=&#8220;17px&#8220; hover_enabled=&#8220;0&#8243; global_colors_info=&#8220;{}&#8220; sticky_enabled=&#8220;0&#8243; custom_margin=&#8220;-21px|||||&#8220;]<\/p>\n<h2 class=\"headline cc-m-header-inline-rte\" id=\"cc-m-header-13823529390\" data-action=\"header\" data-name=\"header\" contenteditable=\"true\">Fensterreinigung<\/h2>\n<p>[\/et_pb_text][\/et_pb_column][\/et_pb_row][et_pb_row _builder_version=&#8220;4.14.9&#8243; _module_preset=&#8220;default&#8220; custom_margin=&#8220;-29px|auto||auto||&#8220; global_colors_info=&#8220;{}&#8220;][et_pb_column type=&#8220;4_4&#8243; _builder_version=&#8220;4.14.9&#8243; _module_preset=&#8220;default&#8220; global_colors_info=&#8220;{}&#8220;][et_pb_text _builder_version=&#8220;4.14.9&#8243; _module_preset=&#8220;default&#8220; text_font_size=&#8220;17px&#8220; hover_enabled=&#8220;0&#8243; global_colors_info=&#8220;{}&#8220; sticky_enabled=&#8220;0&#8243;]<\/p>\n<p>Immerhin besitzt das Unternehmen seit mehr als 20 Jahren einen positiven Ruf und bietet seinen Interessenten und Kunden nicht nur einen professionellen Fensterreinigung, sondern gleichzeitig auch die Reinigung von Teppich, Polster oder ganze Unterhalt. Dar\u00fcber hinaus ist der Gashi Reinigung aus M\u00fcnchen ein fachlich kompetenter Partner f\u00fcr Reinigung rund um das\u00a0Haus. Nat\u00fcrlich stehen Ihnen die kompetenten und motivierten Mitarbeiter dabei rund um das ganze Jahr zur Verf\u00fcgung, sodass auch ein regelm\u00e4\u00dfiger Reinigungsdienst vereinbart werden kann.<\/p>\n<p><strong><\/strong><\/p>\n<p><strong>Sie haben Fragen zur Fensterreinigung oder einem anderen Service? Rufen Sie einfach an!<\/strong><\/p>\n<p>[\/et_pb_text][\/et_pb_column][\/et_pb_row][et_pb_row _builder_version=&#8220;4.14.9&#8243; _module_preset=&#8220;default&#8220; custom_margin=&#8220;-10px|auto||auto||&#8220; global_colors_info=&#8220;{}&#8220;][et_pb_column type=&#8220;4_4&#8243; _builder_version=&#8220;4.14.9&#8243; _module_preset=&#8220;default&#8220; global_colors_info=&#8220;{}&#8220;][et_pb_image src=&#8220;https:\/\/fensterreinigung-muenchen.de\/wp-content\/uploads\/2022\/07\/AdobeStock_271965807-scaled.jpg&#8220; title_text=&#8220;AdobeStock_271965807&#8243; _builder_version=&#8220;4.14.9&#8243; _module_preset=&#8220;default&#8220; global_colors_info=&#8220;{}&#8220;][\/et_pb_image][\/et_pb_column][\/et_pb_row][et_pb_row _builder_version=&#8220;4.14.9&#8243; _module_preset=&#8220;default&#8220; global_colors_info=&#8220;{}&#8220;][et_pb_column type=&#8220;4_4&#8243; _builder_version=&#8220;4.14.9&#8243; _module_preset=&#8220;default&#8220; global_colors_info=&#8220;{}&#8220;][et_pb_text _builder_version=&#8220;4.14.9&#8243; _module_preset=&#8220;default&#8220; text_font_size=&#8220;17px&#8220; custom_margin=&#8220;-19px|||||&#8220; global_colors_info=&#8220;{}&#8220;]<\/p>\n<p><span>Es lohnt sich ein individueller Beratungstermin mit dem Kundenservice vom Gashi Reinigung in M\u00fcnchen oder durch unser unkompliziertes Formular. Holen Sie sich Ihr Angebot mit Terminwunsch und Reinigungswunsch innerhalb kurzer Zeit!<\/span><\/p>\n<p>[\/et_pb_text][\/et_pb_column][\/et_pb_row][et_pb_row _builder_version=&#8220;4.14.9&#8243; _module_preset=&#8220;default&#8220; global_colors_info=&#8220;{}&#8220;][et_pb_column type=&#8220;4_4&#8243; _builder_version=&#8220;4.14.9&#8243; _module_preset=&#8220;default&#8220; global_colors_info=&#8220;{}&#8220;][et_pb_code _builder_version=&#8220;4.14.9&#8243; _module_preset=&#8220;default&#8220; global_colors_info=&#8220;{}&#8220;]<iframe id=\"JotFormIFrame-210742808091352\" title=\"Clone of Buchungsformular f\u00fcr Fensterreinigung\" onload=\"window.parent.scrollTo(0,0)\" allowtransparency=\"true\" allowfullscreen=\"true\" allow=<!-- [et_pb_line_break_holder] -->&#8222;geolocation; microphone; camera&#8220; src=&#8220;https:\/\/form.jotform.com\/210742808091352&#8243; frameborder=&#8220;0&#8243; style=&#8220;min-width: 100%; height:539px; border:none;&#8220; scrolling=&#8220;no&#8220; name=<!-- [et_pb_line_break_holder] -->&#8222;JotFormIFrame-210742808091352&#8243;><\/iframe> <!-- [et_pb_line_break_holder] --><script type=\"text\/javascript\"><!-- [et_pb_line_break_holder] --><!-- [et_pb_line_break_holder] -->\/\/<![CDATA[<!-- [et_pb_line_break_holder] --><!-- [et_pb_line_break_holder] -->      var ifr = document.getElementById(\"JotFormIFrame-210742808091352\");<!-- [et_pb_line_break_holder] -->      if (ifr) {<!-- [et_pb_line_break_holder] -->        var src = ifr.src;<!-- [et_pb_line_break_holder] -->        var iframeParams = [];<!-- [et_pb_line_break_holder] -->        if (window.location.href && window.location.href.indexOf(\"?\") > -1) {<!-- [et_pb_line_break_holder] -->          iframeParams = iframeParams.concat(window.location.href.substr(window.location.href.indexOf(\"?\") + 1).split('&'));<!-- [et_pb_line_break_holder] -->        }<!-- [et_pb_line_break_holder] -->        if (src && src.indexOf(\"?\") > -1) {<!-- [et_pb_line_break_holder] -->          iframeParams = iframeParams.concat(src.substr(src.indexOf(\"?\") + 1).split(\"&\"));<!-- [et_pb_line_break_holder] -->          src = src.substr(0, src.indexOf(\"?\"))<!-- [et_pb_line_break_holder] -->        }<!-- [et_pb_line_break_holder] -->        iframeParams.push(\"isIframeEmbed=1\");<!-- [et_pb_line_break_holder] -->        ifr.src = src + \"?\" + iframeParams.join('&');<!-- [et_pb_line_break_holder] -->      }<!-- [et_pb_line_break_holder] -->      window.handleIFrameMessage = function(e) {<!-- [et_pb_line_break_holder] -->        if (typeof e.data === 'object') { return; }<!-- [et_pb_line_break_holder] -->        var args = e.data.split(\":\");<!-- [et_pb_line_break_holder] -->        if (args.length > 2) { iframe = document.getElementById(\"JotFormIFrame-\" + args[(args.length - 1)]); } else { iframe = document.getElementById(\"JotFormIFrame\"); }<!-- [et_pb_line_break_holder] -->        if (!iframe) { return; }<!-- [et_pb_line_break_holder] -->        switch (args[0]) {<!-- [et_pb_line_break_holder] -->          case \"scrollIntoView\":<!-- [et_pb_line_break_holder] -->            iframe.scrollIntoView();<!-- [et_pb_line_break_holder] -->            break;<!-- [et_pb_line_break_holder] -->          case \"setHeight\":<!-- [et_pb_line_break_holder] -->            iframe.style.height = args[1] + \"px\";<!-- [et_pb_line_break_holder] -->            break;<!-- [et_pb_line_break_holder] -->          case \"collapseErrorPage\":<!-- [et_pb_line_break_holder] -->            if (iframe.clientHeight > window.innerHeight) {<!-- [et_pb_line_break_holder] -->              iframe.style.height = window.innerHeight + \"px\";<!-- [et_pb_line_break_holder] -->            }<!-- [et_pb_line_break_holder] -->            break;<!-- [et_pb_line_break_holder] -->          case \"reloadPage\":<!-- [et_pb_line_break_holder] -->            window.location.reload();<!-- [et_pb_line_break_holder] -->            break;<!-- [et_pb_line_break_holder] -->          case \"loadScript\":<!-- [et_pb_line_break_holder] -->            var src = args[1];<!-- [et_pb_line_break_holder] -->            if (args.length > 3) {<!-- [et_pb_line_break_holder] -->                src = args[1] + ':' + args[2];<!-- [et_pb_line_break_holder] -->            }<!-- [et_pb_line_break_holder] -->            var script = document.createElement('script');<!-- [et_pb_line_break_holder] -->            script.src = src;<!-- [et_pb_line_break_holder] -->            script.type = 'text\/javascript';<!-- [et_pb_line_break_holder] -->            document.body.appendChild(script);<!-- [et_pb_line_break_holder] -->            break;<!-- [et_pb_line_break_holder] -->          case \"exitFullscreen\":<!-- [et_pb_line_break_holder] -->            if      (window.document.exitFullscreen)        window.document.exitFullscreen();<!-- [et_pb_line_break_holder] -->            else if (window.document.mozCancelFullScreen)   window.document.mozCancelFullScreen();<!-- [et_pb_line_break_holder] -->            else if (window.document.mozCancelFullscreen)   window.document.mozCancelFullScreen();<!-- [et_pb_line_break_holder] -->            else if (window.document.webkitExitFullscreen)  window.document.webkitExitFullscreen();<!-- [et_pb_line_break_holder] -->            else if (window.document.msExitFullscreen)      window.document.msExitFullscreen();<!-- [et_pb_line_break_holder] -->            break;<!-- [et_pb_line_break_holder] -->        }<!-- [et_pb_line_break_holder] -->        var isJotForm = (e.origin.indexOf(\"jotform\") > -1) ? true : false;<!-- [et_pb_line_break_holder] -->        if(isJotForm && \"contentWindow\" in iframe && \"postMessage\" in iframe.contentWindow) {<!-- [et_pb_line_break_holder] -->          var urls = {\"docurl\":encodeURIComponent(document.URL),\"referrer\":encodeURIComponent(document.referrer)};<!-- [et_pb_line_break_holder] -->          iframe.contentWindow.postMessage(JSON.stringify({\"type\":\"urls\",\"value\":urls}), \"*\");<!-- [et_pb_line_break_holder] -->        }<!-- [et_pb_line_break_holder] -->      };<!-- [et_pb_line_break_holder] -->      if (window.addEventListener) {<!-- [et_pb_line_break_holder] -->        window.addEventListener(\"message\", handleIFrameMessage, false);<!-- [et_pb_line_break_holder] -->      } else if (window.attachEvent) {<!-- [et_pb_line_break_holder] -->        window.attachEvent(\"onmessage\", handleIFrameMessage);<!-- [et_pb_line_break_holder] -->      }<!-- [et_pb_line_break_holder] -->\/\/]]><!-- [et_pb_line_break_holder] --><\/script>[\/et_pb_code][\/et_pb_column][\/et_pb_row][et_pb_row _builder_version=&#8220;4.14.9&#8243; _module_preset=&#8220;default&#8220; global_colors_info=&#8220;{}&#8220;][et_pb_column type=&#8220;4_4&#8243; _builder_version=&#8220;4.14.9&#8243; _module_preset=&#8220;default&#8220; global_colors_info=&#8220;{}&#8220;][et_pb_text _builder_version=&#8220;4.14.9&#8243; _module_preset=&#8220;default&#8220; text_font_size=&#8220;32px&#8220; custom_margin=&#8220;18px|||||&#8220; text_text_shadow_style=&#8220;preset2&#8243; text_text_shadow_horizontal_length=&#8220;-0.03em&#8220; text_text_shadow_blur_strength=&#8220;0.2em&#8220; global_colors_info=&#8220;{}&#8220;]<\/p>\n<p style=\"text-align: center;\">Der schnelle Weg zum Angebot<\/p>\n<p>[\/et_pb_text][\/et_pb_column][\/et_pb_row][et_pb_row column_structure=&#8220;1_2,1_2&#8243; _builder_version=&#8220;4.14.9&#8243; _module_preset=&#8220;default&#8220; global_colors_info=&#8220;{}&#8220;][et_pb_column type=&#8220;1_2&#8243; _builder_version=&#8220;4.14.9&#8243; _module_preset=&#8220;default&#8220; global_colors_info=&#8220;{}&#8220;][et_pb_text _builder_version=&#8220;4.14.9&#8243; _module_preset=&#8220;default&#8220; text_font_size=&#8220;22px&#8220; global_colors_info=&#8220;{}&#8220;]<\/p>\n<p>W\u00e4hle deine Reinigung<\/p>\n<p>[\/et_pb_text][\/et_pb_column][et_pb_column type=&#8220;1_2&#8243; _builder_version=&#8220;4.14.9&#8243; _module_preset=&#8220;default&#8220; global_colors_info=&#8220;{}&#8220;][\/et_pb_column][\/et_pb_row][et_pb_row column_structure=&#8220;1_3,1_3,1_3&#8243; _builder_version=&#8220;4.14.9&#8243; _module_preset=&#8220;default&#8220; global_colors_info=&#8220;{}&#8220;][et_pb_column type=&#8220;1_3&#8243; _builder_version=&#8220;4.14.9&#8243; _module_preset=&#8220;default&#8220; global_colors_info=&#8220;{}&#8220;][et_pb_image src=&#8220;https:\/\/fensterreinigung-muenchen.de\/wp-content\/uploads\/2022\/07\/Fensterreinigung.png&#8220; title_text=&#8220;Fensterreinigung&#8220; _builder_version=&#8220;4.14.9&#8243; _module_preset=&#8220;default&#8220; global_colors_info=&#8220;{}&#8220;][\/et_pb_image][et_pb_text _builder_version=&#8220;4.14.9&#8243; _module_preset=&#8220;default&#8220; text_font_size=&#8220;19px&#8220; global_colors_info=&#8220;{}&#8220;]<\/p>\n<p style=\"text-align: center;\">Fensterreinigung<\/p>\n<p>[\/et_pb_text][\/et_pb_column][et_pb_column type=&#8220;1_3&#8243; _builder_version=&#8220;4.14.9&#8243; _module_preset=&#8220;default&#8220; global_colors_info=&#8220;{}&#8220;][et_pb_image src=&#8220;https:\/\/fensterreinigung-muenchen.de\/wp-content\/uploads\/2022\/07\/Unterhaltreinigung.png&#8220; title_text=&#8220;Unterhaltreinigung&#8220; _builder_version=&#8220;4.14.9&#8243; _module_preset=&#8220;default&#8220; global_colors_info=&#8220;{}&#8220;][\/et_pb_image][et_pb_text _builder_version=&#8220;4.14.9&#8243; _module_preset=&#8220;default&#8220; text_font_size=&#8220;19px&#8220; global_colors_info=&#8220;{}&#8220;]<\/p>\n<p style=\"text-align: center;\">Unterhaltsreinigung<\/p>\n<p>[\/et_pb_text][\/et_pb_column][et_pb_column type=&#8220;1_3&#8243; _builder_version=&#8220;4.14.9&#8243; _module_preset=&#8220;default&#8220; global_colors_info=&#8220;{}&#8220;][et_pb_image src=&#8220;https:\/\/fensterreinigung-muenchen.de\/wp-content\/uploads\/2022\/07\/Polsterreinigung.png&#8220; title_text=&#8220;Polsterreinigung&#8220; _builder_version=&#8220;4.14.9&#8243; _module_preset=&#8220;default&#8220; global_colors_info=&#8220;{}&#8220;][\/et_pb_image][et_pb_text _builder_version=&#8220;4.14.9&#8243; _module_preset=&#8220;default&#8220; text_font_size=&#8220;19px&#8220; global_colors_info=&#8220;{}&#8220;]<\/p>\n<p style=\"text-align: center;\">Polsterreinigung<\/p>\n<p>[\/et_pb_text][\/et_pb_column][\/et_pb_row][et_pb_row column_structure=&#8220;1_2,1_2&#8243; _builder_version=&#8220;4.14.9&#8243; _module_preset=&#8220;default&#8220; global_colors_info=&#8220;{}&#8220;][et_pb_column type=&#8220;1_2&#8243; _builder_version=&#8220;4.14.9&#8243; _module_preset=&#8220;default&#8220; global_colors_info=&#8220;{}&#8220;][et_pb_image src=&#8220;https:\/\/fensterreinigung-muenchen.de\/wp-content\/uploads\/2022\/07\/Teppichreinigung.png&#8220; title_text=&#8220;Teppichreinigung&#8220; align=&#8220;center&#8220; _builder_version=&#8220;4.14.9&#8243; _module_preset=&#8220;default&#8220; width=&#8220;69%&#8220; global_colors_info=&#8220;{}&#8220;][\/et_pb_image][et_pb_text _builder_version=&#8220;4.14.9&#8243; _module_preset=&#8220;default&#8220; text_font_size=&#8220;19px&#8220; global_colors_info=&#8220;{}&#8220;]<\/p>\n<p style=\"text-align: center;\">Teppichreinigung<\/p>\n<p>[\/et_pb_text][\/et_pb_column][et_pb_column type=&#8220;1_2&#8243; _builder_version=&#8220;4.14.9&#8243; _module_preset=&#8220;default&#8220; global_colors_info=&#8220;{}&#8220;][et_pb_image src=&#8220;https:\/\/fensterreinigung-muenchen.de\/wp-content\/uploads\/2022\/07\/Bu\u0308roreinigung.png&#8220; title_text=&#8220;Bu\u0308roreinigung&#8220; align=&#8220;center&#8220; _builder_version=&#8220;4.14.9&#8243; _module_preset=&#8220;default&#8220; width=&#8220;69%&#8220; global_colors_info=&#8220;{}&#8220;][\/et_pb_image][et_pb_text _builder_version=&#8220;4.14.9&#8243; _module_preset=&#8220;default&#8220; text_font_size=&#8220;19px&#8220; global_colors_info=&#8220;{}&#8220;]<\/p>\n<p style=\"text-align: center;\">B\u00fcroreinigung<\/p>\n<p>[\/et_pb_text][\/et_pb_column][\/et_pb_row][et_pb_row _builder_version=&#8220;4.14.9&#8243; _module_preset=&#8220;default&#8220; global_colors_info=&#8220;{}&#8220;][et_pb_column type=&#8220;4_4&#8243; _builder_version=&#8220;4.14.9&#8243; _module_preset=&#8220;default&#8220; global_colors_info=&#8220;{}&#8220;][et_pb_gallery gallery_ids=&#8220;40,43,44,45&#8243; show_title_and_caption=&#8220;off&#8220; show_pagination=&#8220;off&#8220; _builder_version=&#8220;4.14.9&#8243; _module_preset=&#8220;default&#8220; global_colors_info=&#8220;{}&#8220;][\/et_pb_gallery][\/et_pb_column][\/et_pb_row][\/et_pb_section][et_pb_section fb_built=&#8220;1&#8243; admin_label=&#8220;Footer&#8220; _builder_version=&#8220;4.14.9&#8243; background_color=&#8220;#091744&#8243; use_background_color_gradient=&#8220;on&#8220; background_color_gradient_start=&#8220;#091744&#8243; background_color_gradient_end=&#8220;rgba(9,23,68,0)&#8220; background_color_gradient_overlays_image=&#8220;on&#8220; background_image=&#8220;https:\/\/fensterreinigung-muenchen.de\/wp-content\/uploads\/2022\/07\/AdobeStock_221429493-1-scaled.jpg&#8220; custom_margin=&#8220;4px|||||&#8220; custom_padding=&#8220;6vw|0px|4vw|0px|false|false&#8220; global_colors_info=&#8220;{}&#8220;][et_pb_row custom_padding_last_edited=&#8220;on|phone&#8220; padding_top_bottom_link_1=&#8220;true&#8220; padding_left_right_link_1=&#8220;true&#8220; module_class=&#8220; et_pb_row_fullwidth&#8220; _builder_version=&#8220;3.25&#8243; use_background_color_gradient=&#8220;on&#8220; background_color_gradient_start=&#8220;#00b0db&#8220; background_color_gradient_end=&#8220;#1a448b&#8220; background_color_gradient_direction=&#8220;210deg&#8220; width=&#8220;89%&#8220; width_tablet=&#8220;80%&#8220; width_phone=&#8220;80%&#8220; width_last_edited=&#8220;on|desktop&#8220; max_width=&#8220;89%&#8220; max_width_tablet=&#8220;80%&#8220; max_width_phone=&#8220;80%&#8220; max_width_last_edited=&#8220;on|desktop&#8220; custom_margin=&#8220;32px|auto||auto||&#8220; custom_padding=&#8220;60px|60px|60px|60px|true|true&#8220; custom_padding_tablet=&#8220;&#8220; custom_padding_phone=&#8220;40px|40px|40px|40px|true|true&#8220; animation_style=&#8220;fold&#8220; animation_direction=&#8220;left&#8220; animation_intensity_fold=&#8220;20%&#8220; border_radii=&#8220;on|10px|10px|10px|10px&#8220; box_shadow_style=&#8220;preset7&#8243; box_shadow_horizontal=&#8220;0px&#8220; box_shadow_vertical=&#8220;3px&#8220; box_shadow_color=&#8220;rgba(255,255,255,0.21)&#8220; make_fullwidth=&#8220;on&#8220; custom_width_px__hover=&#8220;1080px&#8220; custom_width_px__hover_enabled=&#8220;1080px&#8220; custom_width_percent__hover=&#8220;80%&#8220; custom_width_percent__hover_enabled=&#8220;80%&#8220; global_colors_info=&#8220;{}&#8220; make_fullwidth__hover=&#8220;off&#8220; make_fullwidth__hover_enabled=&#8220;off&#8220; use_custom_width__hover=&#8220;off&#8220; use_custom_width__hover_enabled=&#8220;off&#8220; width_unit__hover=&#8220;on&#8220; width_unit__hover_enabled=&#8220;on&#8220; use_custom_gutter__hover=&#8220;off&#8220; use_custom_gutter__hover_enabled=&#8220;off&#8220; gutter_width__hover=&#8220;3&#8243; gutter_width__hover_enabled=&#8220;3&#8243; make_equal__hover=&#8220;off&#8220; make_equal__hover_enabled=&#8220;off&#8220;][et_pb_column type=&#8220;4_4&#8243; _builder_version=&#8220;3.25&#8243; custom_padding=&#8220;|||&#8220; global_colors_info=&#8220;{}&#8220; custom_padding__hover=&#8220;|||&#8220;][et_pb_text _builder_version=&#8220;4.14.9&#8243; text_font=&#8220;Lato||||||||&#8220; text_font_size=&#8220;16px&#8220; text_line_height=&#8220;2em&#8220; header_2_font=&#8220;Rubik|700||on|||||&#8220; header_2_font_size=&#8220;44px&#8220; header_2_letter_spacing=&#8220;1px&#8220; header_2_line_height=&#8220;1.3em&#8220; background_layout=&#8220;dark&#8220; header_2_font_size_tablet=&#8220;34px&#8220; header_2_font_size_phone=&#8220;24px&#8220; header_2_font_size_last_edited=&#8220;on|phone&#8220; locked=&#8220;off&#8220; global_colors_info=&#8220;{}&#8220; header_font_size__hover=&#8220;30px&#8220; header_font_size__hover_enabled=&#8220;30px&#8220; header_letter_spacing__hover=&#8220;0px&#8220; header_letter_spacing__hover_enabled=&#8220;0px&#8220; header_text_shadow_style__hover=&#8220;none&#8220; header_text_shadow_style__hover_enabled=&#8220;none&#8220; header_text_shadow_color__hover=&#8220;rgba(0,0,0,0.4)&#8220; header_text_shadow_color__hover_enabled=&#8220;rgba(0,0,0,0.4)&#8220;]<\/p>\n<h2 style=\"text-align: center;\">Ihr kompetenter Partner aus der Region<\/h2>\n<p>[\/et_pb_text][\/et_pb_column][\/et_pb_row][\/et_pb_section]<\/p>\n","protected":false},"excerpt":{"rendered":"<p>Professionelle Fensterreinigung in M\u00fcnchenTelefon: 089 &#8211; 171 084 93 Mobil: 0176 &#8211; 870 745 60Professionelle Fensterreinigung in M\u00fcnchen und UmgebungFensterreinigungImmerhin besitzt das Unternehmen seit mehr als 20 Jahren einen positiven Ruf und bietet seinen Interessenten und Kunden nicht nur einen professionellen Fensterreinigung, sondern gleichzeitig auch die Reinigung von Teppich, Polster oder ganze Unterhalt. Dar\u00fcber hinaus [&hellip;]<\/p>\n","protected":false},"author":1,"featured_media":0,"parent":0,"menu_order":0,"comment_status":"closed","ping_status":"closed","template":"","meta":{"_et_pb_use_builder":"on","_et_pb_old_content":"","_et_gb_content_width":"","footnotes":""},"class_list":["post-47","page","type-page","status-publish","hentry"],"_links":{"self":[{"href":"https:\/\/fensterreinigung-muenchen.de\/index.php\/wp-json\/wp\/v2\/pages\/47","targetHints":{"allow":["GET"]}}],"collection":[{"href":"https:\/\/fensterreinigung-muenchen.de\/index.php\/wp-json\/wp\/v2\/pages"}],"about":[{"href":"https:\/\/fensterreinigung-muenchen.de\/index.php\/wp-json\/wp\/v2\/types\/page"}],"author":[{"embeddable":true,"href":"https:\/\/fensterreinigung-muenchen.de\/index.php\/wp-json\/wp\/v2\/users\/1"}],"replies":[{"embeddable":true,"href":"https:\/\/fensterreinigung-muenchen.de\/index.php\/wp-json\/wp\/v2\/comments?post=47"}],"version-history":[{"count":4,"href":"https:\/\/fensterreinigung-muenchen.de\/index.php\/wp-json\/wp\/v2\/pages\/47\/revisions"}],"predecessor-version":[{"id":53,"href":"https:\/\/fensterreinigung-muenchen.de\/index.php\/wp-json\/wp\/v2\/pages\/47\/revisions\/53"}],"wp:attachment":[{"href":"https:\/\/fensterreinigung-muenchen.de\/index.php\/wp-json\/wp\/v2\/media?parent=47"}],"curies":[{"name":"wp","href":"https:\/\/api.w.org\/{rel}","templated":true}]}}